{"id":8,"date":"2013-03-14T10:32:47","date_gmt":"2013-03-14T10:32:47","guid":{"rendered":"http:\/\/www.wa2.se\/kontoret\/?page_id=8"},"modified":"2020-01-09T17:17:12","modified_gmt":"2020-01-09T16:17:12","slug":"arkitektur","status":"publish","type":"page","link":"https:\/\/www.wa2.se\/kontoret\/arkitektur\/","title":{"rendered":"ARKITEKTUR"},"content":{"rendered":"<div>\n<p><strong><\/strong>Vi utf\u00f6r gestaltningsuppdrag, skissf\u00f6rslag, bygglovritningar, till- om- &amp; nybyggnader<\/p>\n<p>Vi erbjuder arkitekttj\u00e4nster; gestaltningsuppdrag, skissf\u00f6rslag, bygglovritningar,<br \/>\ntill- om- &amp; nybyggnader<\/p>\n<p>V\u00e5ra kunder har objekt med kulturhistoriska v\u00e4rden<br \/>\neller h\u00f6ga krav p\u00e5 gestaltningskvalitet eller anpassning eller ett intresse f\u00f6r<br \/>\ntraditionell byggnadsteknik. Vi har stor sp\u00e4nnvidd i v\u00e5ra projekt och vi r\u00f6r<br \/>\noss mellan uppdrag d\u00e4r vi f\u00f6rsiktigt smyger in varsamma till\u00e4gg eller nya<br \/>\nfunktioner i en kulturhistorisk milj\u00f6 till samtida och stilren arkitektur.<\/p>\n<p>Vi arbetar oftast med en kontextuell metod, gestaltningen best\u00e4ms av<br \/>\nsitt sammanhang och av en analys av det aktuella projektets f\u00f6ruts\u00e4ttningar.<br \/>\nDetta ger att olika projekt f\u00e5r olika uttryck.<br \/>\nGemensamt f\u00f6r alla projekt \u00e4r en inlevelse och en kvalitet som \u00e4r v\u00e5rt signum.<\/p>\n<p>V\u00e5ra kunder \u00e4r f\u00f6rvaltare av kulturhistorisk bebyggelse som Statens fastighetsverk,<br \/>\nSvenska kyrkans samfund mfl. Kommuner &amp; l\u00e4nsstyrelser, projektledare,<br \/>\nprivatpersoner &amp; st\u00f6rre fastighets\u00e4gare<\/p>\n<\/div>\n<div><a href=\"http:\/\/www.wa2.se\/kontoret\/wp-content\/uploads\/2013\/03\/Breviksv\u00e4gen9-SKISS-4-1.jpg\"><img loading=\"lazy\" decoding=\"async\" alt=\"Breviksv\u00e4gen9 SKISS (4) (1)\" src=\"http:\/\/www.wa2.se\/kontoret\/wp-content\/uploads\/2013\/03\/Breviksv\u00e4gen9-SKISS-4-1-300x212.jpg\" width=\"300\" height=\"212\" \/><\/a><\/div>\n<div><em>Exklusiv sommarvilla i svart panel p\u00e5 en terrass i tegel<\/em><\/div>\n<div><\/div>\n<div><a href=\"http:\/\/www.wa2.se\/kontoret\/wp-content\/uploads\/2013\/03\/P\u00f6rtet-SKISS-skuggad-2012-07-09.jpg\"><img loading=\"lazy\" decoding=\"async\" class=\"alignnone size-medium wp-image-428\" alt=\"P\u00f6rtet SKISS skuggad 2012-07-09\" src=\"http:\/\/www.wa2.se\/kontoret\/wp-content\/uploads\/2013\/03\/P\u00f6rtet-SKISS-skuggad-2012-07-09-300x212.jpg\" width=\"300\" height=\"212\" srcset=\"https:\/\/www.wa2.se\/kontoret\/wp-content\/uploads\/2013\/03\/P\u00f6rtet-SKISS-skuggad-2012-07-09-300x212.jpg 300w, https:\/\/www.wa2.se\/kontoret\/wp-content\/uploads\/2013\/03\/P\u00f6rtet-SKISS-skuggad-2012-07-09-1024x723.jpg 1024w\" sizes=\"auto, (max-width: 300px) 100vw, 300px\" \/><\/a><\/div>\n<div><em>Sommarst\u00e4lle med kompakta m\u00e5tt<\/em><\/div>\n<div><\/div>\n<div><a href=\"http:\/\/www.wa2.se\/kontoret\/wp-content\/uploads\/2013\/03\/klimt-fasad2.jpg\"><img loading=\"lazy\" decoding=\"async\" alt=\"klimt fasad\" src=\"http:\/\/www.wa2.se\/kontoret\/wp-content\/uploads\/2013\/03\/klimt-fasad2-300x187.jpg\" width=\"300\" height=\"187\" \/><\/a><\/div>\n<div><em>Sommartorp i kulturmilj\u00f6<\/em><\/div>\n<div><\/div>\n<div><\/div>\n<div>\n<div><a href=\"http:\/\/www.wa2.se\/kontoret\/wp-content\/uploads\/2013\/03\/Klimt-vy1.jpg\"><img loading=\"lazy\" decoding=\"async\" alt=\"Klimt vy\" src=\"http:\/\/www.wa2.se\/kontoret\/wp-content\/uploads\/2013\/03\/Klimt-vy1-300x199.jpg\" width=\"300\" height=\"199\" \/><\/a><\/div>\n<div><em><em>Sommartorp i kulturmilj\u00f6<\/em><\/em><\/div>\n<div>\n<div><img loading=\"lazy\" decoding=\"async\" alt=\"FIL_6349\" src=\"http:\/\/www.wa2.se\/kontoret\/wp-content\/uploads\/2013\/03\/FIL_6349-300x199.jpg\" width=\"300\" height=\"199\" \/><\/div>\n<div><em>Om- och tillbyggnad av villa p\u00e5 Resar\u00f6<\/em><\/div>\n<div><\/div>\n<div><\/div>\n<div><a href=\"http:\/\/www.wa2.se\/kontoret\/wp-content\/uploads\/2013\/03\/solberga-s\u00f6der.jpg\"><img loading=\"lazy\" decoding=\"async\" alt=\"solberga s\u00f6der\" src=\"http:\/\/www.wa2.se\/kontoret\/wp-content\/uploads\/2013\/03\/solberga-s\u00f6der-300x212.jpg\" width=\"300\" height=\"212\" \/><\/a><\/div>\n<div><em>Restaurering och tillbyggnad av privatvilla i \u00d6stersk\u00e4r<\/em><\/div>\n<div><\/div>\n<div><a href=\"http:\/\/www.wa2.se\/kontoret\/wp-content\/uploads\/2013\/03\/tr\u00e4dg\u00e5rdsplan.jpg\"><img loading=\"lazy\" decoding=\"async\" alt=\"tr\u00e4dg\u00e5rdsplan\" src=\"http:\/\/www.wa2.se\/kontoret\/wp-content\/uploads\/2013\/03\/tr\u00e4dg\u00e5rdsplan-300x212.jpg\" width=\"300\" height=\"212\" \/><\/a><\/div>\n<div><\/div>\n<div><em>Tr\u00e4dg\u00e5rdsgestaltning vid privatvilla i \u00d6stersk\u00e4r<\/em><\/div>\n<\/div>\n<\/div>\n<div><\/div>\n","protected":false},"excerpt":{"rendered":"<p>Vi utf\u00f6r gestaltningsuppdrag, skissf\u00f6rslag, bygglovritningar, till- om- &amp; nybyggnader Vi erbjuder arkitekttj\u00e4nster; gestaltningsuppdrag, skissf\u00f6rslag, bygglovritningar, till- om- &amp; nybyggnader V\u00e5ra kunder har objekt med kulturhistoriska v\u00e4rden eller h\u00f6ga krav p\u00e5 gestaltningskvalitet eller anpassning eller ett intresse f\u00f6r traditionell byggnadsteknik. Vi har stor sp\u00e4nnvidd i v\u00e5ra projekt och vi r\u00f6r oss mellan uppdrag d\u00e4r vi f\u00f6rsiktigt smyger in varsamma till\u00e4gg eller nya funktioner i en kulturhistorisk milj\u00f6 till samtida och stilren arkitektur. Vi arbetar oftast med en kontextuell metod, gestaltningen best\u00e4ms av sitt sammanhang och av en analys av det aktuella projektets f\u00f6ruts\u00e4ttningar. Detta ger att olika projekt f\u00e5r olika uttryck. <a class=\"more-link\" href=\"https:\/\/www.wa2.se\/kontoret\/arkitektur\/\">Forts&auml;ttning &rarr;<\/a><\/p>\n","protected":false},"author":2,"featured_media":119,"parent":0,"menu_order":4,"comment_status":"closed","ping_status":"closed","template":"","meta":{"footnotes":""},"class_list":["post-8","page","type-page","status-publish","has-post-thumbnail","hentry"],"_links":{"self":[{"href":"https:\/\/www.wa2.se\/kontoret\/wp-json\/wp\/v2\/pages\/8","targetHints":{"allow":["GET"]}}],"collection":[{"href":"https:\/\/www.wa2.se\/kontoret\/wp-json\/wp\/v2\/pages"}],"about":[{"href":"https:\/\/www.wa2.se\/kontoret\/wp-json\/wp\/v2\/types\/page"}],"author":[{"embeddable":true,"href":"https:\/\/www.wa2.se\/kontoret\/wp-json\/wp\/v2\/users\/2"}],"replies":[{"embeddable":true,"href":"https:\/\/www.wa2.se\/kontoret\/wp-json\/wp\/v2\/comments?post=8"}],"version-history":[{"count":31,"href":"https:\/\/www.wa2.se\/kontoret\/wp-json\/wp\/v2\/pages\/8\/revisions"}],"predecessor-version":[{"id":1119,"href":"https:\/\/www.wa2.se\/kontoret\/wp-json\/wp\/v2\/pages\/8\/revisions\/1119"}],"wp:featuredmedia":[{"embeddable":true,"href":"https:\/\/www.wa2.se\/kontoret\/wp-json\/wp\/v2\/media\/119"}],"wp:attachment":[{"href":"https:\/\/www.wa2.se\/kontoret\/wp-json\/wp\/v2\/media?parent=8"}],"curies":[{"name":"wp","href":"https:\/\/api.w.org\/{rel}","templated":true}]}}